{"id":13,"date":"2015-02-10T18:27:33","date_gmt":"2015-02-10T17:27:33","guid":{"rendered":"http:\/\/www.sarah-weidt.de\/?page_id=13"},"modified":"2018-02-18T19:59:35","modified_gmt":"2018-02-18T18:59:35","slug":"ueber-mich","status":"publish","type":"page","link":"https:\/\/www.sarah-weidt.de\/?page_id=13","title":{"rendered":"\u00dcber mich"},"content":{"rendered":"<p><img loading=\"lazy\" decoding=\"async\" class=\"alignright\" src=\"http:\/\/www.sarah-weidt.de\/wp-content\/uploads\/2015\/02\/Sarah-Weidt-2-199x300.jpg\" alt=\"Sarah Weidt 2\" width=\"199\" height=\"300\" \/><\/p>\n<p style=\"text-align: justify;\">Hallo, mein Name ist Sarah Weidt-Weing\u00e4rtner. Ich bin gelernte Friseurin und Maskenbildnerin und lebe in Lich.<\/p>\n<p style=\"text-align: justify;\"><!--more--><\/p>\n<p style=\"text-align: justify;\">Meine Ausbildung zur Friseurin habe ich im Jahr 2004 und meine Ausbildung zur Maskenbildnerin im Jahr 2008 abgeschlossen. Seitdem habe ich mein Wissen und K\u00f6nnen an den Theaterh\u00e4usern in Oberhausen, Krefeld, M\u00f6nchengladbach, Ingolstadt, dem Residenztheater und auch der Bayerischen Staatsoper in M\u00fcnchen erweitern k\u00f6nnen. Neben den Sparten Oper, Ballett und Schauspiel habe ich auch bei diversen Musicals mitgewirkt. In der Spielzeit 2013\/2014 hatte ich die Leitung der Maske am Stadttheater Ingolstadt \u00fcbernommen.<\/p>\n<p style=\"text-align: justify;\">Ich \u00fcbe meine beiden Berufe mit Leidenschaft aus und Arbeite mit verschiedenen Photographen zusammen. Ich bin darin ge\u00fcbt, wie man jemanden gekonnt in Szene setzt und kenne die Kleinigkeiten auf die es f\u00fcr ein perfektes Bild ankommt.<\/p>\n<p style=\"text-align: justify;\">Ich Arbeite sehr gerne mit den unterschiedlichsten Menschen zusammen und w\u00fcrde mich sehr freuen auch Sie und Ihre W\u00fcnsche kennen zu lernen. Im Vordergrund meiner Arbeit steht es Ihre W\u00fcnsche und Vorstellungen passend zu Ihrem Typ zu realisieren. Dabei spielt es keine Rolle ob nur Ihre individuellen Gesichtsz\u00fcge betont, eine Typver\u00e4nderung gew\u00fcnscht oder ob Sie durch eine professionelle Frisur mit passendem und abgestimmtem Makeup auf Ihre Hochzeit vorbereitet werden wollen. Auch f\u00fcr mich ist es immer wieder ein besonderer Augenblick Menschen auf Ihren gro\u00dfen Tag vorzubereiten und im Vorfeld zu begleiten. Ziel meiner Arbeit ist es stets Sie gl\u00fccklich zu machen, so dass Sie sich rundum wohl und gut beraten f\u00fchlen.<\/p>\n","protected":false},"excerpt":{"rendered":"<p>Hallo, mein Name ist Sarah Weidt-Weing\u00e4rtner. Ich bin gelernte Friseurin und Maskenbildnerin und lebe in Lich.<\/p>\n","protected":false},"author":1,"featured_media":61,"parent":0,"menu_order":0,"comment_status":"closed","ping_status":"closed","template":"","meta":{"footnotes":""},"class_list":["post-13","page","type-page","status-publish","has-post-thumbnail","hentry"],"_links":{"self":[{"href":"https:\/\/www.sarah-weidt.de\/index.php?rest_route=\/wp\/v2\/pages\/13","targetHints":{"allow":["GET"]}}],"collection":[{"href":"https:\/\/www.sarah-weidt.de\/index.php?rest_route=\/wp\/v2\/pages"}],"about":[{"href":"https:\/\/www.sarah-weidt.de\/index.php?rest_route=\/wp\/v2\/types\/page"}],"author":[{"embeddable":true,"href":"https:\/\/www.sarah-weidt.de\/index.php?rest_route=\/wp\/v2\/users\/1"}],"replies":[{"embeddable":true,"href":"https:\/\/www.sarah-weidt.de\/index.php?rest_route=%2Fwp%2Fv2%2Fcomments&post=13"}],"version-history":[{"count":13,"href":"https:\/\/www.sarah-weidt.de\/index.php?rest_route=\/wp\/v2\/pages\/13\/revisions"}],"predecessor-version":[{"id":288,"href":"https:\/\/www.sarah-weidt.de\/index.php?rest_route=\/wp\/v2\/pages\/13\/revisions\/288"}],"wp:featuredmedia":[{"embeddable":true,"href":"https:\/\/www.sarah-weidt.de\/index.php?rest_route=\/wp\/v2\/media\/61"}],"wp:attachment":[{"href":"https:\/\/www.sarah-weidt.de\/index.php?rest_route=%2Fwp%2Fv2%2Fmedia&parent=13"}],"curies":[{"name":"wp","href":"https:\/\/api.w.org\/{rel}","templated":true}]}}